{"id":3788,"date":"2025-10-20T09:23:31","date_gmt":"2025-10-20T07:23:31","guid":{"rendered":"https:\/\/collgarces.com\/?page_id=3788"},"modified":"2025-10-20T09:23:32","modified_gmt":"2025-10-20T07:23:32","slug":"declaracion-de-accesibilidad","status":"publish","type":"page","link":"https:\/\/collgarces.com\/en\/declaracion-de-accesibilidad\/","title":{"rendered":"Declaracion de accesibilidad"},"content":{"rendered":"<p>Coll Garc\u00e9s Laboratori SA, se ha comprometido a hacer accesibles sus sitios web de conformidad con el\u00a0<a href=\"https:\/\/www.boe.es\/buscar\/act.php?id=BOE-A-2018-12699\" target=\"_blank\" rel=\"noreferrer noopener\">Real Decreto 1112\/2018, de 7 de septiembre, sobre accesibilidad de los sitios web y aplicaciones para dispositivos m\u00f3viles del sector p\u00fablico<\/a>.<\/p>\n\n\n\n<h5 class=\"wp-block-heading\" id=\"accssme_251\">SITUACI\u00d3N DE CUMPLIMIENTO<\/h5>\n\n\n\n<p id=\"accssme_252\">Este sitio web es&nbsp;<strong>parcialmente conforme<\/strong>&nbsp;con el&nbsp;<a href=\"https:\/\/www.boe.es\/diario_boe\/txt.php?id=BOE-A-2018-12699\" target=\"_blank\" rel=\"noreferrer noopener\">RD 1112\/2018<\/a>&nbsp;debido a las excepciones y a la falta de conformidad de los aspectos que se indican a continuaci\u00f3n.<\/p>\n\n\n\n<p id=\"accssme_255\">\u00daltima revisi\u00f3n&nbsp;13 de Octubre de 2025.<\/p>\n\n\n\n<h5 class=\"wp-block-heading\" id=\"accssme_257\">CONTENIDO NO ACCESIBLE<\/h5>\n\n\n\n<h2 class=\"wp-block-heading\">2. SITUACI\u00d3N DE CUMPLIMIENTO<\/h2>\n\n\n\n<p>Las tecnolog\u00edas web en las que se basa la conformidad de la accesibilidad del presente sitio son HTML5, HTML 4.01, CSS, WAI-ARIA, SVG as\u00ed como OTRAS tecnolog\u00edas de la plataforma WordPress url:&nbsp;<a href=\"https:\/\/wordpress.org\/\" target=\"_blank\" rel=\"noreferrer noopener\">https:\/\/wordpress.org<\/a><\/p>\n\n\n\n<p>Con motivo de lo anterior, este sitio web es PARCIALMENTE CONFORME, siendo los aspectos de accesibilidad con los que es conforme la presente web los siguientes:<\/p>\n\n\n\n<figure class=\"wp-block-table\"><table class=\"has-fixed-layout\"><thead><tr><th>REQUISITOS WEB<\/th><th>REQUISITOS SOFTWARE<\/th><th>REQUISITOS DOCUMENTACI\u00d3N Y SERVICIOS DE APOYO<\/th><\/tr><\/thead><tbody><tr><td>\u2013<strong>&nbsp;9.1.4.3<\/strong>. Contraste (m\u00ednimo \u2013<strong>9.1.1.1<\/strong>&nbsp;Contenido no textual.&nbsp;<strong>9.2.4.4<\/strong>&nbsp;Prop\u00f3sito de los enlaces.&nbsp;<strong>9.1.4.4<\/strong>&nbsp;Cambio de tama\u00f1o del texto.&nbsp;<strong>&nbsp;9.2.5.8<\/strong>&nbsp;Tama\u00f1o del \u00e1rea en la que se puede hacer clic (m\u00ednimo)<\/td><td>11.7 Preferencias de usuario 11.8.1 Tecnolog\u00eda de gesti\u00f3n de contenidos 11.8.2 Creaci\u00f3n de contenidos accesibles<\/td><td>12.1.1 Caracter\u00edsticas de accesibilidad y compatibilidad 12.1.2 Documentaci\u00f3n accesible 12.2.2 Informaci\u00f3n sobre las caracter\u00edsticas de accesibilidad y compatibilidad 12.2.3 Comunicaci\u00f3n efectiva 12.2.4 Documentaci\u00f3n accesible<\/td><\/tr><\/tbody><\/table><\/figure>\n\n\n\n<h2 class=\"wp-block-heading\">3. CONTENIDO NO ACCESIBLE<\/h2>\n\n\n\n<h3 class=\"wp-block-heading\">9.1.4.13 CONTENIDO SE\u00d1ALADO CON EL PUNTERO O QUE TIENE EL FOCO (CONDICIONAL)<\/h3>\n\n\n\n<p>Donde recibir y luego quitar el puntero o el foco del teclado desencadena contenido adicional para que se vuelva visible y luego se oculte, lo siguiente es cierto:<\/p>\n\n\n\n<p>Descartable: Hay un mecanismo disponible para descartar el contenido adicional sin mover el puntero o el foco del teclado, a menos que el contenido adicional comunique un error de entrada o no oculte o reemplace otro contenido; Hoverable: Si el desplazamiento del puntero puede activar el contenido adicional, entonces el puntero se puede mover sobre el contenido adicional sin que desaparezca el contenido adicional; Persistente: El contenido adicional permanece visible hasta que se elimine el disparador de desplazamiento o enfoque, el usuario lo descarte o su informaci\u00f3n ya no sea v\u00e1lida.<\/p>\n\n\n\n<h3 class=\"wp-block-heading\">9.2.1.4 ATAJOS DEL TECLADO (CONDICIONAL)<\/h3>\n\n\n\n<p>Si se implementa un atajo de teclado en el contenido usando solo letras (incluidas letras may\u00fasculas y min\u00fasculas), signos de puntuaci\u00f3n, n\u00fameros o s\u00edmbolos, entonces al menos uno de los siguientes es verdadero:<\/p>\n\n\n\n<ul class=\"wp-block-list\">\n<li>\n<ul class=\"wp-block-list\">\n<li>Apagar: Hay un mecanismo disponible para desactivar el atajo;<\/li>\n\n\n\n<li>Reasignar: Hay un mecanismo disponible para reasignar el atajo para usar uno o m\u00e1s caracteres de teclado no imprimibles (por ejemplo, Ctrl, Alt, etc.);<\/li>\n\n\n\n<li>Activo solo en foco: El m\u00e9todo abreviado de teclado para un componente de la interfaz de usuario solo est\u00e1 activo cuando ese componente tiene el foco.<\/li>\n<\/ul>\n<\/li>\n<\/ul>\n\n\n\n<figure class=\"wp-block-embed\"><div class=\"wp-block-embed__wrapper\">\nhttps:\/\/www.w3.org\/TR\/WCAG\/#character-key-shortcuts\n<\/div><\/figure>\n\n\n\n<h3 class=\"wp-block-heading\">9.2.4.1 EVITAR BLOQUES (CONDICIONAL)<\/h3>\n\n\n\n<p>Existe un mecanismo para evitar los bloques de contenido que se repiten en m\u00faltiples p\u00e1ginas web.<\/p>\n\n\n\n<figure class=\"wp-block-embed\"><div class=\"wp-block-embed__wrapper\">\nhttps:\/\/www.w3.org\/TR\/WCAG\/#bypass-blocks\n<\/div><\/figure>\n\n\n\n<h3 class=\"wp-block-heading\">9.2.5.4 ACTIVACI\u00d3N MEDIANTE MOVIMIENTO (CONDICIONAL)<\/h3>\n\n\n\n<p>La funcionalidad que puede ser operada por el movimiento del dispositivo o el movimiento del usuario tambi\u00e9n puede ser operada por los componentes de la interfaz de usuario y la respuesta al movimiento puede desactivarse para evitar la activaci\u00f3n accidental, excepto cuando:<\/p>\n\n\n\n<ul class=\"wp-block-list\">\n<li>\n<ul class=\"wp-block-list\">\n<li>Interfaz compatible: El movimiento se utiliza para operar la funcionalidad a trav\u00e9s de una interfaz compatible con accesibilidad ;<\/li>\n\n\n\n<li>B\u00e1sico: El movimiento es esencial para la funci\u00f3n y hacerlo invalidar\u00eda la actividad.<\/li>\n<\/ul>\n<\/li>\n<\/ul>\n\n\n\n<figure class=\"wp-block-embed\"><div class=\"wp-block-embed__wrapper\">\nhttps:\/\/www.w3.org\/TR\/WCAG\/#motion-actuation\n<\/div><\/figure>\n\n\n\n<h3 class=\"wp-block-heading\">9.4.1.2 NOMBRE, FUNCI\u00d3N, VALOR (CONDICIONAL)<\/h3>\n\n\n\n<p>Para todos los componentes de la interfaz de usuario (incluyendo pero no limitado a: elementos de formulario, enlaces y componentes generados por scripts), el nombre y la funci\u00f3n pueden ser determinados por software, los estados, propiedades y valores que pueden ser asignados por el usuario pueden ser especificados por software; y los cambios en estos elementos se encuentran disponibles para su consulta por las aplicaciones de usuario, incluyendo las ayudas t\u00e9cnicas.<\/p>\n\n\n\n<p><a href=\"https:\/\/simonbrampton.com\/declaracion-de-accesibilidad\/www.w3.org\/TR\/WCAG\/#name-role-value\">https:www.w3.org\/TR\/WCAG\/#name-role-value<\/a><\/p>\n\n\n\n<h3 class=\"wp-block-heading\">9.2.5.8 TAMA\u00d1O DEL \u00c1REA EN LA QUE SE PUEDE HACER CLIC<\/h3>\n\n\n\n<p>Las \u00e1reas t\u00e1ctiles no tienen un tama\u00f1o o espacio suficientes: las \u00e1reas t\u00e1ctiles (botones, enlaces, etc.) no deben tener poco espaciado enre s\u00ed, facilitando as\u00ed su uso a personas con movilidad reducida o en dispositivos t\u00e1ctiles.<\/p>\n\n\n\n<h3 class=\"wp-block-heading\">11.8.4 SERVICIO DE REPARACI\u00d3N (CONDICIONAL)<\/h3>\n\n\n\n<p>Condici\u00f3n: Cuando el contenido web sea una herramienta de autor.<\/p>\n\n\n\n<p>Si la funcionalidad de verificaci\u00f3n de la accesibilidad de una herramienta de autor puede detectar si el contenido no cumple un requisito de los cap\u00edtulos 9 (Web) o 10 (Documentos no web), seg\u00fan proceda, entonces la herramienta de autor debe proporcionar una(s) sugerencia(s) para su reparaci\u00f3n.<\/p>\n\n\n\n<p>NOTA Esto no excluye una reparaci\u00f3n autom\u00e1tica o semiautom\u00e1tica, que es posible (y recomendable) para muchos de los tipos de problemas de accesibilidad del contenido.<\/p>\n\n\n\n<h3 class=\"wp-block-heading\">11.8.5 PLANTILLAS (CONDICIONAL)<\/h3>\n\n\n\n<p>Condici\u00f3n: Cuando el contenido web sea una herramienta de autor.<\/p>\n\n\n\n<p>Si una herramienta de autor proporciona plantillas, debe estar disponible e identificada como tal por lo menos una plantillas que sea compatible con la creaci\u00f3n de contenido conforme a los requisitos de los cap\u00edtulos 9 (Web) o 10 (Documentos no web), seg\u00fan proceda.<\/p>\n\n\n\n<h2 class=\"wp-block-heading\">4. PREPARACI\u00d3N DE LA PRESENTE DECLARACI\u00d3N DE ACCESIBILIDAD<\/h2>\n\n\n\n<p>La presente declaraci\u00f3n fue preparada el 13 de octubre de 2025<\/p>\n\n\n\n<p>El m\u00e9todo empleado para preparar la declaraci\u00f3n ha sido la empresa tercera Agua Crea&amp;Comunica, la cual certifica que el presente sitio web corresponde sustancialmente a la interpretaci\u00f3n de la gu\u00eda informativa proporcionada por las pautas WCAG 2.1 AA. En este esfuerzo continuo en la eliminaci\u00f3n de barreras y seguir\u00e1n mejorando este sitio hasta alcanzar una accesibilidad y usabilidad \u00f3ptimas para todos los usuarios<\/p>\n\n\n\n<p>\u00daltima revisi\u00f3n de la declaraci\u00f3n: 13 de octubre de 2025<\/p>\n\n\n\n<p id=\"accssme_273\">&nbsp; &nbsp; &nbsp; &nbsp; &nbsp; No aplica.<\/p>\n\n\n\n<ul id=\"accssme_274\" class=\"wp-block-list\">\n<li><strong>Contenido no entra dentro del \u00e1mbito de la legislaci\u00f3n aplicable:<\/strong><\/li>\n<\/ul>\n\n\n\n<p id=\"accssme_277\">&nbsp; &nbsp; &nbsp; &nbsp; &nbsp; Pueden existir documentos en formato&nbsp;PDF&nbsp;publicados antes del 20 de septiembre de 2018 que no cumplan en su totalidad todos los requisitos de accesibilidad.<\/p>\n\n\n\n<h5 class=\"wp-block-heading\" id=\"accssme_279\">PREPARACI\u00d3N DE LA PRESENTE DECLARACI\u00d3N DE ACCESIBILIDAD<\/h5>\n\n\n\n<p id=\"accssme_280\">La presente declaraci\u00f3n fue preparada el 13 de septiembre de 2025.<\/p>\n\n\n\n<p id=\"accssme_281\">El m\u00e9todo empleado para la presente declaraci\u00f3n ha sido una autoevaluaci\u00f3n realizada por la propia Agencia con el soporte de la&nbsp;Herramienta IRA (Informe de Revisi\u00f3n de Accesibilidad)&nbsp;del Observatorio de Accesibilidad.<\/p>\n\n\n\n<p id=\"accssme_282\">\u00daltima revisi\u00f3n de la declaraci\u00f3n: 13 de septiembre de 2025.<\/p>\n\n\n\n<h5 class=\"wp-block-heading\" id=\"accssme_284\">PROCEDIMIENTO DE APLICACI\u00d3N<\/h5>\n\n\n\n<p id=\"accssme_285\">Si una vez realizada una solicitud de informaci\u00f3n accesible o queja, \u00e9sta hubiera sido desestimada, no se estuviera de acuerdo con la decisi\u00f3n adoptada, o la respuesta no cumpliera los requisitos contemplados en el art\u00edculo 12.5 del RD 1112\/2018, la persona interesada podr\u00e1 iniciar una reclamaci\u00f3n. Igualmente se podr\u00e1 iniciar una reclamaci\u00f3n en el caso de no haber obtenido respuesta.<\/p>\n\n\n\n<p id=\"accssme_286\">El procedimiento reclamaci\u00f3n recogido en el art\u00edculo 13 del RD 1112\/2018, puede iniciarse<a href=\"https:\/\/clinicadentalnayef.com\/contacto\/\">&nbsp;a trav\u00e9s de&nbsp;este enlace<\/a>.<\/p>\n\n\n\n<h5 class=\"wp-block-heading\" id=\"accssme_288\">CONTENIDO OPCIONAL<\/h5>\n\n\n\n<p id=\"accssme_289\">El sitio web:<\/p>\n\n\n\n<ul id=\"accssme_290\" class=\"wp-block-list\">\n<li>Se ha dise\u00f1ado adapt\u00e1ndose a los est\u00e1ndares y normativas vigentes en relaci\u00f3n a la accesibilidad, cumpliendo con los puntos de verificaci\u00f3n de prioridad 2 (AA) definidos en la especificaci\u00f3n de Pautas de Accesibilidad al Contenido en la Web (WCAG 2.1)<\/li>\n\n\n\n<li>Est\u00e1 optimizado para las \u00faltimas versiones vigentes de Chrome, Edge, Firefox, Safari y Opera<\/li>\n\n\n\n<li>Est\u00e1 dise\u00f1ado para su correcta visualizaci\u00f3n en cualquier resoluci\u00f3n y dispositivo de escritorio, tabletas o m\u00f3viles\u00a0(dise\u00f1o\u00a0<em>responsive<\/em>)<\/li>\n\n\n\n<li>Se ha realizado utilizando HTML5 como lenguaje de marcado y hojas de estilo CSS 3 para su dise\u00f1o.<\/li>\n<\/ul>\n\n\n\n<p id=\"accssme_296\">Adem\u00e1s, se realiza un trabajo continuo de auditor\u00eda y revisi\u00f3n de contenidos para facilitar su interpretaci\u00f3n y mejorar la navegaci\u00f3n por el portal web.<\/p>\n\n\n\n<h3 class=\"wp-block-heading\" id=\"accssme_297\"><strong>SOLICITUDES DE INFORMACI\u00d3N ACCESIBLE Y QUEJAS<\/strong><\/h3>\n\n\n\n<p id=\"accssme_299\">A trav\u00e9s del\u00a0<a href=\"https:\/\/collgarces.com\/en\/es\/contactanos\/\" data-type=\"page\" data-id=\"3043\">formulario de solicitudes de informaci\u00f3n accesible y de quejas en materia de accesibilidad\u00a0<\/a>puede presentar:<\/p>\n\n\n\n<ul id=\"accssme_301\" class=\"wp-block-list\">\n<li>una Queja relativa al cumplimiento de los requisitos del RD 1112\/2018 o<\/li>\n\n\n\n<li>una Solicitud de Informaci\u00f3n accesible relativa a:\n<ul class=\"wp-block-list\">\n<li>contenidos que est\u00e1n excluidos del \u00e1mbito de aplicaci\u00f3n del RD 1112\/2018 seg\u00fan lo establecido por el art\u00edculo 3, apartado 4<\/li>\n\n\n\n<li>contenidos que est\u00e1n exentos del cumplimiento de los requisitos de accesibilidad por imponer una carga desproporcionada.<\/li>\n<\/ul>\n<\/li>\n<\/ul>\n\n\n\n<p>En la Solicitud de informaci\u00f3n accesible, se debe concretar, con toda claridad, los hechos, razones y petici\u00f3n que permitan constatar que se trata de una solicitud razonable y leg\u00edtima.<\/p>","protected":false},"excerpt":{"rendered":"<p>Coll Garc\u00e9s Laboratori SA, se ha comprometido a hacer accesibles sus sitios web de conformidad con el\u00a0Real Decreto 1112\/2018, de 7 de septiembre, sobre accesibilidad de los sitios web y aplicaciones para dispositivos m\u00f3viles del sector p\u00fablico. SITUACI\u00d3N DE CUMPLIMIENTO [&hellip;]<\/p>","protected":false},"author":1,"featured_media":0,"parent":0,"menu_order":0,"comment_status":"closed","ping_status":"closed","template":"","meta":{"footnotes":""},"class_list":["post-3788","page","type-page","status-publish","hentry"],"yoast_head":"<!-- This site is optimized with the Yoast SEO plugin v26.1.1 - https:\/\/yoast.com\/wordpress\/plugins\/seo\/ -->\n<title>Declaracion de accesibilidad - Coll Garces Lab<\/title>\n<meta name=\"robots\" content=\"index, follow, max-snippet:-1, max-image-preview:large, max-video-preview:-1\" \/>\n<link rel=\"canonical\" href=\"https:\/\/collgarces.com\/en\/declaracion-de-accesibilidad\/\" \/>\n<meta property=\"og:locale\" content=\"en_US\" \/>\n<meta property=\"og:type\" content=\"article\" \/>\n<meta property=\"og:title\" content=\"Declaracion de accesibilidad - Coll Garces Lab\" \/>\n<meta property=\"og:description\" content=\"Coll Garc\u00e9s Laboratori SA, se ha comprometido a hacer accesibles sus sitios web de conformidad con el\u00a0Real Decreto 1112\/2018, de 7 de septiembre, sobre accesibilidad de los sitios web y aplicaciones para dispositivos m\u00f3viles del sector p\u00fablico. SITUACI\u00d3N DE CUMPLIMIENTO [&hellip;]\" \/>\n<meta property=\"og:url\" content=\"https:\/\/collgarces.com\/en\/declaracion-de-accesibilidad\/\" \/>\n<meta property=\"og:site_name\" content=\"Coll Garces Lab\" \/>\n<meta property=\"article:modified_time\" content=\"2025-10-20T07:23:32+00:00\" \/>\n<meta name=\"twitter:card\" content=\"summary_large_image\" \/>\n<meta name=\"twitter:label1\" content=\"Est. reading time\" \/>\n\t<meta name=\"twitter:data1\" content=\"7 minutes\" \/>\n<script type=\"application\/ld+json\" class=\"yoast-schema-graph\">{\"@context\":\"https:\/\/schema.org\",\"@graph\":[{\"@type\":\"WebPage\",\"@id\":\"https:\/\/collgarces.com\/en\/declaracion-de-accesibilidad\/\",\"url\":\"https:\/\/collgarces.com\/en\/declaracion-de-accesibilidad\/\",\"name\":\"Declaracion de accesibilidad - Coll Garces Lab\",\"isPartOf\":{\"@id\":\"https:\/\/collgarces.com\/en\/#website\"},\"datePublished\":\"2025-10-20T07:23:31+00:00\",\"dateModified\":\"2025-10-20T07:23:32+00:00\",\"breadcrumb\":{\"@id\":\"https:\/\/collgarces.com\/en\/declaracion-de-accesibilidad\/#breadcrumb\"},\"inLanguage\":\"en-US\",\"potentialAction\":[{\"@type\":\"ReadAction\",\"target\":[\"https:\/\/collgarces.com\/en\/declaracion-de-accesibilidad\/\"]}]},{\"@type\":\"BreadcrumbList\",\"@id\":\"https:\/\/collgarces.com\/en\/declaracion-de-accesibilidad\/#breadcrumb\",\"itemListElement\":[{\"@type\":\"ListItem\",\"position\":1,\"name\":\"Portada\",\"item\":\"https:\/\/collgarces.com\/\"},{\"@type\":\"ListItem\",\"position\":2,\"name\":\"Declaracion de accesibilidad\"}]},{\"@type\":\"WebSite\",\"@id\":\"https:\/\/collgarces.com\/en\/#website\",\"url\":\"https:\/\/collgarces.com\/en\/\",\"name\":\"Coll Garces Lab\",\"description\":\"\",\"publisher\":{\"@id\":\"https:\/\/collgarces.com\/en\/#organization\"},\"potentialAction\":[{\"@type\":\"SearchAction\",\"target\":{\"@type\":\"EntryPoint\",\"urlTemplate\":\"https:\/\/collgarces.com\/en\/?s={search_term_string}\"},\"query-input\":{\"@type\":\"PropertyValueSpecification\",\"valueRequired\":true,\"valueName\":\"search_term_string\"}}],\"inLanguage\":\"en-US\"},{\"@type\":\"Organization\",\"@id\":\"https:\/\/collgarces.com\/en\/#organization\",\"name\":\"Coll Garces Lab\",\"url\":\"https:\/\/collgarces.com\/en\/\",\"logo\":{\"@type\":\"ImageObject\",\"inLanguage\":\"en-US\",\"@id\":\"https:\/\/collgarces.com\/en\/#\/schema\/logo\/image\/\",\"url\":\"https:\/\/collgarces.com\/wp-content\/uploads\/2024\/10\/logo_collgarces_cap.svg\",\"contentUrl\":\"https:\/\/collgarces.com\/wp-content\/uploads\/2024\/10\/logo_collgarces_cap.svg\",\"width\":362,\"height\":72,\"caption\":\"Coll Garces Lab\"},\"image\":{\"@id\":\"https:\/\/collgarces.com\/en\/#\/schema\/logo\/image\/\"}}]}<\/script>\n<!-- \/ Yoast SEO plugin. -->","yoast_head_json":{"title":"Declaracion de accesibilidad - Coll Garces Lab","robots":{"index":"index","follow":"follow","max-snippet":"max-snippet:-1","max-image-preview":"max-image-preview:large","max-video-preview":"max-video-preview:-1"},"canonical":"https:\/\/collgarces.com\/en\/declaracion-de-accesibilidad\/","og_locale":"en_US","og_type":"article","og_title":"Declaracion de accesibilidad - Coll Garces Lab","og_description":"Coll Garc\u00e9s Laboratori SA, se ha comprometido a hacer accesibles sus sitios web de conformidad con el\u00a0Real Decreto 1112\/2018, de 7 de septiembre, sobre accesibilidad de los sitios web y aplicaciones para dispositivos m\u00f3viles del sector p\u00fablico. SITUACI\u00d3N DE CUMPLIMIENTO [&hellip;]","og_url":"https:\/\/collgarces.com\/en\/declaracion-de-accesibilidad\/","og_site_name":"Coll Garces Lab","article_modified_time":"2025-10-20T07:23:32+00:00","twitter_card":"summary_large_image","twitter_misc":{"Est. reading time":"7 minutes"},"schema":{"@context":"https:\/\/schema.org","@graph":[{"@type":"WebPage","@id":"https:\/\/collgarces.com\/en\/declaracion-de-accesibilidad\/","url":"https:\/\/collgarces.com\/en\/declaracion-de-accesibilidad\/","name":"Declaracion de accesibilidad - Coll Garces Lab","isPartOf":{"@id":"https:\/\/collgarces.com\/en\/#website"},"datePublished":"2025-10-20T07:23:31+00:00","dateModified":"2025-10-20T07:23:32+00:00","breadcrumb":{"@id":"https:\/\/collgarces.com\/en\/declaracion-de-accesibilidad\/#breadcrumb"},"inLanguage":"en-US","potentialAction":[{"@type":"ReadAction","target":["https:\/\/collgarces.com\/en\/declaracion-de-accesibilidad\/"]}]},{"@type":"BreadcrumbList","@id":"https:\/\/collgarces.com\/en\/declaracion-de-accesibilidad\/#breadcrumb","itemListElement":[{"@type":"ListItem","position":1,"name":"Portada","item":"https:\/\/collgarces.com\/"},{"@type":"ListItem","position":2,"name":"Declaracion de accesibilidad"}]},{"@type":"WebSite","@id":"https:\/\/collgarces.com\/en\/#website","url":"https:\/\/collgarces.com\/en\/","name":"Coll Garces Lab","description":"","publisher":{"@id":"https:\/\/collgarces.com\/en\/#organization"},"potentialAction":[{"@type":"SearchAction","target":{"@type":"EntryPoint","urlTemplate":"https:\/\/collgarces.com\/en\/?s={search_term_string}"},"query-input":{"@type":"PropertyValueSpecification","valueRequired":true,"valueName":"search_term_string"}}],"inLanguage":"en-US"},{"@type":"Organization","@id":"https:\/\/collgarces.com\/en\/#organization","name":"Coll Garces Lab","url":"https:\/\/collgarces.com\/en\/","logo":{"@type":"ImageObject","inLanguage":"en-US","@id":"https:\/\/collgarces.com\/en\/#\/schema\/logo\/image\/","url":"https:\/\/collgarces.com\/wp-content\/uploads\/2024\/10\/logo_collgarces_cap.svg","contentUrl":"https:\/\/collgarces.com\/wp-content\/uploads\/2024\/10\/logo_collgarces_cap.svg","width":362,"height":72,"caption":"Coll Garces Lab"},"image":{"@id":"https:\/\/collgarces.com\/en\/#\/schema\/logo\/image\/"}}]}},"_links":{"self":[{"href":"https:\/\/collgarces.com\/en\/wp-json\/wp\/v2\/pages\/3788","targetHints":{"allow":["GET"]}}],"collection":[{"href":"https:\/\/collgarces.com\/en\/wp-json\/wp\/v2\/pages"}],"about":[{"href":"https:\/\/collgarces.com\/en\/wp-json\/wp\/v2\/types\/page"}],"author":[{"embeddable":true,"href":"https:\/\/collgarces.com\/en\/wp-json\/wp\/v2\/users\/1"}],"replies":[{"embeddable":true,"href":"https:\/\/collgarces.com\/en\/wp-json\/wp\/v2\/comments?post=3788"}],"version-history":[{"count":1,"href":"https:\/\/collgarces.com\/en\/wp-json\/wp\/v2\/pages\/3788\/revisions"}],"predecessor-version":[{"id":3789,"href":"https:\/\/collgarces.com\/en\/wp-json\/wp\/v2\/pages\/3788\/revisions\/3789"}],"wp:attachment":[{"href":"https:\/\/collgarces.com\/en\/wp-json\/wp\/v2\/media?parent=3788"}],"curies":[{"name":"wp","href":"https:\/\/api.w.org\/{rel}","templated":true}]}}